{"id":66,"date":"2026-03-16T14:42:44","date_gmt":"2026-03-16T13:42:44","guid":{"rendered":"https:\/\/drei-linden-ev.de\/?page_id=66"},"modified":"2026-05-07T10:34:29","modified_gmt":"2026-05-07T08:34:29","slug":"freie-gaerten","status":"publish","type":"page","link":"https:\/\/drei-linden-ev.de\/?page_id=66","title":{"rendered":"freie G\u00e4rten"},"content":{"rendered":"<table class=\" aligncenter\" style=\"width: 730px; border-collapse: collapse;\">\n<tbody>\n<tr>\n<td style=\"width: 100%;\">\u00a0<\/td>\n<\/tr>\n<tr>\n<td style=\"width: 726px;\"><span style=\"color: #ff0000; font-family: verdana, geneva, sans-serif;\"><strong>Die Verpachtung eines Gartens ist nur m\u00f6glich, wenn Sie in einem Einzugsgebiet von ca. 50 km von Ribnitz-Damgarten wohnen.<\/strong><\/span><\/td>\n<\/tr>\n<tr>\n<td style=\"width: 726px;\">\u00a0<\/td>\n<\/tr>\n<\/tbody>\n<\/table>\n<table class=\"aligncenter\" style=\"width: 730px; border-collapse: collapse; border-color: #468746;\" border=\"1\" cellspacing=\"1\" cellpadding=\"1\">\n<tbody>\n<tr style=\"background-color: #019932;\">\n<th style=\"width: 80px; text-align: center; vertical-align: middle; border-color: #3c7d39;\" scope=\"row\"><span style=\"color: #ffffff;\"><strong><span style=\"font-family: verdana, geneva, sans-serif;\">Garten<\/span><\/strong><\/span><\/th>\n<th style=\"width: 90px; border-color: #3c7d39; text-align: center; vertical-align: middle;\" scope=\"row\"><span style=\"color: #ffffff;\"><strong><span style=\"font-family: verdana, geneva, sans-serif;\">Gr\u00f6\u00dfe m<sup>2<\/sup><\/span><\/strong><\/span><\/th>\n<td style=\"border-color: #3c7d39; text-align: center; vertical-align: middle; width: 235px;\" scope=\"row\"><span style=\"color: #ffffff;\"><strong><span style=\"font-family: verdana, geneva, sans-serif;\">Lage<\/span><\/strong><\/span><\/td>\n<th style=\"width: 80px; text-align: center; vertical-align: middle; border-color: #3c7d39;\" scope=\"row\"><span style=\"color: #ffffff;\"><strong><span style=\"font-family: verdana, geneva, sans-serif;\">Preis<\/span><\/strong><\/span><\/th>\n<td style=\"text-align: center; vertical-align: middle; border-color: #3c7d39; width: 235px;\" scope=\"row\"><span style=\"color: #ffffff;\"><strong><span style=\"font-family: verdana, geneva, sans-serif;\">Kontakt<\/span><\/strong><\/span><\/td>\n<\/tr>\n<tr>\n<td style=\"width: 80px; text-align: center; vertical-align: middle;\"><span style=\"font-family: verdana, geneva, sans-serif; font-size: 10pt;\">Nr. 78<\/span><\/td>\n<td style=\"text-align: center; vertical-align: middle; width: 80px;\"><span style=\"font-family: verdana, geneva, sans-serif; font-size: 10pt;\">448<\/span><\/td>\n<td style=\"text-align: center; vertical-align: middle; width: 235px;\"><span style=\"font-family: verdana, geneva, sans-serif; font-size: 10pt;\">Lilienweg &#8211; Weg 5<\/span><\/td>\n<td style=\"width: 80px; text-align: center; vertical-align: middle;\"><span style=\"font-family: verdana, geneva, sans-serif; font-size: 10pt;\">VB<\/span><\/td>\n<td style=\"text-align: center; vertical-align: middle; width: 235px;\"><span style=\"font-family: verdana, geneva, sans-serif; font-size: 10pt;\">Vorstandsvorsitzender<br \/>\n<span style=\"font-size: 13.3333px;\">G\u00fcnter Welz<br \/>\n<\/span><span style=\"font-size: 13.3333px;\">Tel.: 0160 577 8995<\/span><\/span><\/td>\n<\/tr>\n<tr>\n<td style=\"width: 80px; text-align: center; vertical-align: middle;\"><span style=\"font-family: verdana, geneva, sans-serif; font-size: 10pt;\">Nr. 103<\/span><\/td>\n<td style=\"text-align: center; vertical-align: middle; width: 80px;\"><span style=\"font-family: verdana, geneva, sans-serif; font-size: 10pt;\">423<\/span><\/td>\n<td style=\"text-align: center; vertical-align: middle; width: 235px;\"><span style=\"font-family: verdana, geneva, sans-serif; font-size: 10pt;\"><span style=\"font-family: verdana, geneva, sans-serif; font-size: 13.3333px;\">Asternweg &#8211; Weg 6<\/span><\/span><\/td>\n<td style=\"width: 80px; text-align: center; vertical-align: middle;\"><span style=\"font-family: verdana, geneva, sans-serif; font-size: 10pt;\">VB<\/span><\/td>\n<td style=\"text-align: center; vertical-align: middle; width: 235px;\"><span style=\"font-family: verdana, geneva, sans-serif; font-size: 10pt;\">Vorstandsvorsitzender<br \/>\n<span style=\"font-size: 13.3333px;\">G\u00fcnter Welz<br \/>\n<\/span><span style=\"font-size: 13.3333px;\">Tel.: 0160 577 8995<\/span><\/span><\/td>\n<\/tr>\n<tr>\n<td style=\"width: 80px; text-align: center; vertical-align: middle;\"><span style=\"font-family: verdana, geneva, sans-serif; font-size: 10pt;\"><span style=\"font-family: verdana, geneva, sans-serif; font-size: 13.3333px;\">Nr. 116<\/span><\/span><\/td>\n<td style=\"text-align: center; vertical-align: middle; width: 80px;\"><span style=\"font-family: verdana, geneva, sans-serif; font-size: 10pt;\">440<\/span><\/td>\n<td style=\"text-align: center; vertical-align: middle; width: 235px;\"><span style=\"font-family: verdana, geneva, sans-serif; font-size: 10pt;\"><span style=\"font-family: verdana, geneva, sans-serif; font-size: 13.3333px;\">Asternweg &#8211; Weg 6<\/span><\/span><\/td>\n<td style=\"width: 80px; text-align: center; vertical-align: middle;\"><span style=\"font-family: verdana, geneva, sans-serif; font-size: 10pt;\">VB<\/span><\/td>\n<td style=\"text-align: center; vertical-align: middle; width: 235px;\"><span style=\"font-family: verdana, geneva, sans-serif; font-size: 10pt;\"><br \/>\nTel. 03821 889 3906<\/p>\n<p><\/span><\/td>\n<\/tr>\n<tr>\n<td style=\"width: 80px; text-align: center; vertical-align: middle;\"><span style=\"font-family: verdana, geneva, sans-serif; font-size: 10pt;\"><span style=\"font-family: verdana, geneva, sans-serif; font-size: 13.3333px;\">Nr. 123<\/span><\/span><\/td>\n<td style=\"text-align: center; vertical-align: middle; width: 80px;\"><span style=\"font-family: verdana, geneva, sans-serif; font-size: 10pt;\">390<\/span><\/td>\n<td style=\"text-align: center; vertical-align: middle; width: 235px;\"><span style=\"font-family: verdana, geneva, sans-serif; font-size: 10pt;\"><span style=\"font-family: verdana, geneva, sans-serif; font-size: 13.3333px;\">Asternweg &#8211; Weg 6<\/span><\/span><\/td>\n<td style=\"width: 80px; text-align: center; vertical-align: middle;\"><span style=\"font-family: verdana, geneva, sans-serif; font-size: 10pt;\">VB<\/span><\/td>\n<td style=\"text-align: center; vertical-align: middle; width: 235px;\"><span style=\"font-family: verdana, geneva, sans-serif; font-size: 10pt;\">Vorstandsvorsitzender<br \/>\n<span style=\"font-size: 13.3333px;\">G\u00fcnter Welz<br \/>\n<\/span><span style=\"font-size: 13.3333px;\">Tel.: 0160 577 8995<\/span><\/span><\/td>\n<\/tr>\n<tr>\n<td style=\"width: 80px; text-align: center; vertical-align: middle;\"><span style=\"font-family: verdana, geneva, sans-serif; font-size: 10pt;\"><span style=\"font-family: verdana, geneva, sans-serif; font-size: 13.3333px;\">Nr. 140<\/span><\/span><\/td>\n<td style=\"text-align: center; vertical-align: middle; width: 80px;\"><span style=\"font-family: verdana, geneva, sans-serif; font-size: 10pt;\">432<\/span><\/td>\n<td style=\"text-align: center; vertical-align: middle; width: 235px;\"><span style=\"font-family: verdana, geneva, sans-serif; font-size: 10pt;\"><span style=\"font-family: verdana, geneva, sans-serif; font-size: 13.3333px;\">Asternweg &#8211; Weg 6<\/span><\/span><\/td>\n<td style=\"width: 80px; text-align: center; vertical-align: middle;\"><span style=\"font-family: verdana, geneva, sans-serif; font-size: 10pt;\">VB<\/span><\/td>\n<td style=\"text-align: center; vertical-align: middle; width: 235px;\"><span style=\"font-family: verdana, geneva, sans-serif; font-size: 10pt;\"><br \/>\nTel. 0172 602 8263<\/p>\n<p><\/span><\/td>\n<\/tr>\n<tr>\n<td style=\"width: 80px; text-align: center; vertical-align: middle;\"><span style=\"font-family: verdana, geneva, sans-serif; font-size: 13.3333px;\">Nr. 141<\/span><\/td>\n<td style=\"text-align: center; vertical-align: middle; width: 80px;\"><span style=\"font-family: verdana, geneva, sans-serif; font-size: 13.3333px;\">346<\/span><\/td>\n<td style=\"text-align: center; vertical-align: middle; width: 235px;\"><span style=\"font-family: verdana, geneva, sans-serif; font-size: 13.3333px;\">Rosenweg &#8211; Weg 7<\/span><\/td>\n<td style=\"width: 80px; text-align: center; vertical-align: middle;\"><span style=\"font-family: verdana, geneva, sans-serif; font-size: 13.3333px;\">VB<\/span><\/td>\n<td style=\"text-align: center; vertical-align: middle; width: 235px;\"><span style=\"font-family: verdana, geneva, sans-serif; font-size: 10pt;\">Vorstandsvorsitzender<br \/>\n<span style=\"font-size: 13.3333px;\">G\u00fcnter Welz<br \/>\n<\/span><span style=\"font-size: 13.3333px;\">Tel.: 0160 577 8995<\/span><\/span><\/td>\n<\/tr>\n<tr>\n<td style=\"width: 80px; text-align: center; vertical-align: middle;\"><span style=\"font-family: verdana, geneva, sans-serif; font-size: 13.3333px;\">Nr. 174<\/span><\/td>\n<td style=\"text-align: center; vertical-align: middle; width: 80px;\"><span style=\"font-family: verdana, geneva, sans-serif; font-size: 13.3333px;\">410<\/span><\/td>\n<td style=\"text-align: center; vertical-align: middle; width: 235px;\"><span style=\"font-family: verdana, geneva, sans-serif; font-size: 13.3333px;\">Rosenweg &#8211; Weg 7<\/span><\/td>\n<td style=\"width: 80px; text-align: center; vertical-align: middle;\"><span style=\"font-family: verdana, geneva, sans-serif; font-size: 13.3333px;\">VB<\/span><\/td>\n<td style=\"text-align: center; vertical-align: middle; width: 235px;\"><span style=\"font-family: verdana, geneva, sans-serif; font-size: 10pt;\">Vorstandsvorsitzender<br \/>\n<span style=\"font-size: 13.3333px;\">G\u00fcnter Welz<br \/>\n<\/span><span style=\"font-size: 13.3333px;\">Tel.: 0160 577 8995<\/span><\/span><\/td>\n<\/tr>\n<tr>\n<td style=\"width: 80px; text-align: center; vertical-align: middle;\"><span style=\"font-family: verdana, geneva, sans-serif; font-size: 13.3333px;\">Nr. 205<\/span><span style=\"font-family: verdana, geneva, sans-serif; font-size: 13.3333px;\"><br \/>\n<\/span><\/td>\n<td style=\"text-align: center; vertical-align: middle; width: 80px;\"><span style=\"font-family: verdana, geneva, sans-serif; font-size: 13.3333px;\">390<\/span><\/td>\n<td style=\"text-align: center; vertical-align: middle; width: 235px;\"><span style=\"font-family: verdana, geneva, sans-serif; font-size: 13.3333px;\">Nelkenweg &#8211; Weg 8<\/span><\/td>\n<td style=\"width: 80px; text-align: center; vertical-align: middle;\"><span style=\"font-family: verdana, geneva, sans-serif; font-size: 13.3333px;\">VB<\/span><\/td>\n<td style=\"text-align: center; vertical-align: middle; width: 235px;\"><span style=\"font-family: verdana, geneva, sans-serif; font-size: 10pt;\">Vorstandsvorsitzender<br \/>\n<span style=\"font-size: 13.3333px;\">G\u00fcnter Welz<br \/>\n<\/span><span style=\"font-size: 13.3333px;\">Tel.: 0160 577 8995<\/span><\/span><\/td>\n<\/tr>\n<tr>\n<td style=\"width: 80px; text-align: center; vertical-align: middle;\"><span style=\"font-family: verdana, geneva, sans-serif; font-size: 13.3333px;\">Nr. 219<\/span><\/td>\n<td style=\"text-align: center; vertical-align: middle; width: 80px;\"><span style=\"font-family: verdana, geneva, sans-serif; font-size: 13.3333px;\">364<\/span><\/td>\n<td style=\"text-align: center; vertical-align: middle; width: 235px;\"><span style=\"font-family: verdana, geneva, sans-serif; font-size: 13.3333px;\">Nelkenweg &#8211; Weg 8<\/span><\/td>\n<td style=\"width: 80px; text-align: center; vertical-align: middle;\"><span style=\"font-family: verdana, geneva, sans-serif; font-size: 13.3333px;\">VB<\/span><\/td>\n<td style=\"text-align: center; vertical-align: middle; width: 235px;\"><span style=\"font-family: verdana, geneva, sans-serif; font-size: 10pt;\">Vorstandsvorsitzender<br \/>\n<span style=\"font-size: 13.3333px;\">G\u00fcnter Welz<br \/>\n<\/span><span style=\"font-size: 13.3333px;\">Tel.: 0160 577 8995<\/span><\/span><\/td>\n<\/tr>\n<tr>\n<td style=\"width: 80px; text-align: center; vertical-align: middle;\"><span style=\"font-family: verdana, geneva, sans-serif; font-size: 13.3333px;\">Nr. 237<\/span><\/td>\n<td style=\"text-align: center; vertical-align: middle; width: 80px;\"><span style=\"font-family: verdana, geneva, sans-serif; font-size: 13.3333px;\">334<\/span><\/td>\n<td style=\"text-align: center; vertical-align: middle; width: 235px;\"><span style=\"font-family: verdana, geneva, sans-serif; font-size: 13.3333px;\">Narzissenweg &#8211; Weg 9<\/span><\/td>\n<td style=\"width: 80px; text-align: center; vertical-align: middle;\"><span style=\"font-family: verdana, geneva, sans-serif; font-size: 13.3333px;\">VB<\/span><\/td>\n<td style=\"text-align: center; vertical-align: middle; width: 235px;\"><span style=\"font-family: verdana, geneva, sans-serif; font-size: 10pt;\">Vorstandsvorsitzender<br \/>\n<span style=\"font-size: 13.3333px;\">G\u00fcnter Welz<br \/>\n<\/span><span style=\"font-size: 13.3333px;\">Tel.: 0160 577 8995<\/span><\/span><\/td>\n<\/tr>\n<tr>\n<td style=\"width: 80px; text-align: center; vertical-align: middle;\"><span style=\"font-family: verdana, geneva, sans-serif; font-size: 13.3333px;\">Nr. 253<\/span><\/td>\n<td style=\"text-align: center; vertical-align: middle; width: 80px;\"><span style=\"font-family: verdana, geneva, sans-serif; font-size: 13.3333px;\">370<\/span><\/td>\n<td style=\"text-align: center; vertical-align: middle; width: 235px;\"><span style=\"font-family: verdana, geneva, sans-serif; font-size: 13.3333px;\">Narzissenweg &#8211; Weg 9<\/span><\/td>\n<td style=\"width: 80px; text-align: center; vertical-align: middle;\"><span style=\"font-family: verdana, geneva, sans-serif; font-size: 13.3333px;\">VB<\/span><\/td>\n<td style=\"text-align: center; vertical-align: middle; width: 235px;\"><span style=\"font-family: verdana, geneva, sans-serif; font-size: 10pt;\">Vorstandsvorsitzender<br \/>\n<span style=\"font-size: 13.3333px;\">G\u00fcnter Welz<br \/>\n<\/span><span style=\"font-size: 13.3333px;\">Tel.: 0160 577 8995<\/span><br \/>\n<\/span><\/td>\n<\/tr>\n<tr>\n<td style=\"width: 80px; vertical-align: middle; text-align: justify;\" colspan=\"5\"><span style=\"font-family: verdana, geneva, sans-serif; font-size: 13.3333px;\"><span style=\"font-family: verdana, geneva, sans-serif; font-size: 10pt; color: #ff0000;\">Zum Verkaufspreis kommen noch Aufnahmegeb\u00fchr (10,00 \u20ac), Kaution (150,00 \u20ac), und anteilig die Jahrespacht (wenn nicht vom Vorp\u00e4chter beglichen wurde).<br \/>\nBei eigenst\u00e4ndigem Verkauf ist der Vorstand zu informieren. Die Neup\u00e4chter bitte einen Termin, zum unterzeichnen vom Aufnahme- und Pachtvertrag, mit dem Vorstand vereinbaren.<\/span><\/span><span style=\"font-family: verdana, geneva, sans-serif; font-size: 10pt;\"><br \/>\n<\/span><\/td>\n<\/tr>\n<\/tbody>\n<\/table>\n<p>&nbsp;<\/p>\n","protected":false},"excerpt":{"rendered":"<p>\u00a0 Die Verpachtung eines Gartens ist nur m\u00f6glich, wenn Sie in einem Einzugsgebiet von ca. 50 km von Ribnitz-Damgarten wohnen. \u00a0 Garten Gr\u00f6\u00dfe m2 Lage Preis Kontakt Nr. 78 448 Lilienweg &#8211; Weg 5 VB Vorstandsvorsitzender G\u00fcnter Welz Tel.: 0160 577 8995 Nr. 103 423 Asternweg &#8211; Weg 6 VB Vorstandsvorsitzender G\u00fcnter Welz Tel.: 0160 [&hellip;]<\/p>\n","protected":false},"author":1,"featured_media":0,"parent":0,"menu_order":0,"comment_status":"closed","ping_status":"closed","template":"","meta":{"footnotes":""},"class_list":["post-66","page","type-page","status-publish","hentry"],"_links":{"self":[{"href":"https:\/\/drei-linden-ev.de\/index.php?rest_route=\/wp\/v2\/pages\/66","targetHints":{"allow":["GET"]}}],"collection":[{"href":"https:\/\/drei-linden-ev.de\/index.php?rest_route=\/wp\/v2\/pages"}],"about":[{"href":"https:\/\/drei-linden-ev.de\/index.php?rest_route=\/wp\/v2\/types\/page"}],"author":[{"embeddable":true,"href":"https:\/\/drei-linden-ev.de\/index.php?rest_route=\/wp\/v2\/users\/1"}],"replies":[{"embeddable":true,"href":"https:\/\/drei-linden-ev.de\/index.php?rest_route=%2Fwp%2Fv2%2Fcomments&post=66"}],"version-history":[{"count":0,"href":"https:\/\/drei-linden-ev.de\/index.php?rest_route=\/wp\/v2\/pages\/66\/revisions"}],"wp:attachment":[{"href":"https:\/\/drei-linden-ev.de\/index.php?rest_route=%2Fwp%2Fv2%2Fmedia&parent=66"}],"curies":[{"name":"wp","href":"https:\/\/api.w.org\/{rel}","templated":true}]}}