{"id":12,"date":"2026-03-16T12:13:46","date_gmt":"2026-03-16T11:13:46","guid":{"rendered":"https:\/\/drei-linden-ev.de\/der-vorstand\/"},"modified":"2026-03-21T11:06:49","modified_gmt":"2026-03-21T10:06:49","slug":"der-vorstand","status":"publish","type":"page","link":"https:\/\/drei-linden-ev.de\/?page_id=12","title":{"rendered":"Der Vorstand"},"content":{"rendered":"<p style=\"text-align: center;\"><span style=\"text-decoration: underline;\"><strong><span style=\"font-family: verdana, geneva, sans-serif; font-size: 14pt;\"><img loading=\"lazy\" decoding=\"async\" class=\"aligncenter size-full wp-image-79\" src=\"https:\/\/drei-linden-ev.de\/wp-content\/uploads\/2026\/03\/10trans.gif\" alt=\"\" width=\"10\" height=\"10\" \/><\/span><\/strong><\/span><span style=\"text-decoration: underline;\"><strong><span style=\"font-family: verdana, geneva, sans-serif; font-size: 14pt;\">Gesch\u00e4ftsf\u00fchrender Vorstand<\/span><\/strong><\/span><\/p>\n<table class=\"blueTable aligncenter\" style=\"width: 730px; border-collapse: collapse; border-color: #468746;\" border=\"1\" cellspacing=\"1\" cellpadding=\"1\">\n<tbody>\n<tr style=\"background-color: #019932;\">\n<td style=\"vertical-align: middle; text-align: center; border-color: #468746;\" colspan=\"3\"><span style=\"color: #ffffff;\"><strong><span style=\"font-family: verdana, geneva, sans-serif;\">Name<\/span><\/strong><\/span><\/td>\n<td style=\"width: 275px; text-align: center; vertical-align: middle; border-color: #468746;\"><span style=\"color: #ffffff;\"><strong><span style=\"font-family: verdana, geneva, sans-serif;\">Funktion<\/span><\/strong><\/span><\/td>\n<td style=\"vertical-align: middle; text-align: center; width: 250px; border-color: #468746;\"><span style=\"color: #ffffff;\"><strong><span style=\"font-family: verdana, geneva, sans-serif;\">Kontakt<\/span><\/strong><\/span><\/td>\n<\/tr>\n<tr>\n<td style=\"width: 200px; border-style: groove; text-align: center; vertical-align: middle;\" colspan=\"3\"><span style=\"font-family: verdana, geneva, sans-serif; font-size: 10pt;\">G\u00fcnter Welz<\/span><\/td>\n<td style=\"width: 275px; text-align: center; vertical-align: middle;\"><span style=\"font-family: verdana, geneva, sans-serif; font-size: 10pt;\">Vorstandsvorsitzender,<br \/>\n<\/span><span style=\"font-family: verdana, geneva, sans-serif; font-size: 10pt;\">zust\u00e4ndig Gartenvergabe,<br \/>\nTerminvergabe Vereinshaus<\/span><\/td>\n<td style=\"width: 250px; text-align: center; vertical-align: middle;\"><span style=\"color: #008000;\"><span style=\"font-family: verdana, geneva, sans-serif; font-size: 13.3333px;\">Tel.: 0160 \/ 577 89 95<br \/>\ndrei-linden-ev@web.de<\/span><br style=\"font-family: verdana, geneva, sans-serif; font-size: 13.3333px;\" \/><br \/>\n<span style=\"font-family: verdana, geneva, sans-serif; font-size: 13.3333px;\">Fr: 15:00 \u2013 17:00 Uhr<\/span><br style=\"font-family: verdana, geneva, sans-serif; font-size: 13.3333px;\" \/><br \/>\n<span style=\"font-family: verdana, geneva, sans-serif; font-size: 13.3333px;\">Sa: 09:00 \u2013 11:00 Uhr<\/span><\/span><\/td>\n<\/tr>\n<tr>\n<td style=\"text-align: center; vertical-align: middle;\" colspan=\"3\"><span style=\"font-family: verdana, geneva, sans-serif; font-size: 10pt;\">Gerd Schoknecht\u00a0<\/span><\/td>\n<td style=\"width: 275px; text-align: center; vertical-align: middle;\"><span style=\"font-family: verdana, geneva, sans-serif; font-size: 10pt;\">\u00a0Stellvertreter<\/span><br style=\"font-family: verdana, geneva, sans-serif; font-size: 13.3333px;\" \/><br \/>\n<span style=\"font-family: verdana, geneva, sans-serif; font-size: 10pt;\">Zust\u00e4ndig f\u00fcr Arbeitseins\u00e4tze<\/span><\/td>\n<td style=\"width: 250px; text-align: center; vertical-align: middle;\"><span style=\"color: #ffffff;\"><span style=\"color: #333333; font-family: verdana, geneva, sans-serif; font-size: 13.3333px;\">\u00a0<\/span><\/span><span style=\"font-family: verdana, geneva, sans-serif; font-size: 10pt;\">Tel.: 0172 \/ 392 06 91<\/span><br \/>\n<span style=\"font-family: verdana, geneva, sans-serif; font-size: 10pt;\">Fr: ab 17:00 Uhr<br \/>\nSa: 09:00 \u2013 11.00 Uhr<\/span><\/td>\n<\/tr>\n<tr>\n<td style=\"text-align: center; vertical-align: middle;\" colspan=\"3\"><span style=\"font-family: verdana, geneva, sans-serif; font-size: 10pt;\">Mathias Klug<br \/>\n<\/span><\/td>\n<td style=\"width: 275px; text-align: center; vertical-align: middle;\"><span style=\"font-family: verdana, geneva, sans-serif; font-size: 10pt;\">Schriftf\u00fchrer<br \/>\n<\/span><\/td>\n<td style=\"width: 250px; text-align: center; vertical-align: middle;\"><span style=\"color: #ffffff;\"><span style=\"color: #333333; font-family: verdana, geneva, sans-serif; font-size: 13.3333px;\">\u00a0<\/p>\n<p><\/span><\/span><\/td>\n<\/tr>\n<tr>\n<td style=\"width: 200px; text-align: center; vertical-align: middle;\" colspan=\"3\"><span style=\"font-family: verdana, geneva, sans-serif; font-size: 10pt;\">Ramona Schulz<br \/>\n<\/span><\/td>\n<td style=\"width: 275px; text-align: center; vertical-align: middle;\"><span style=\"font-family: verdana, geneva, sans-serif; font-size: 10pt;\">Kassenverwaltung &amp; Kassierung,<br style=\"font-size: 13.3333px;\" \/><br \/>\n<span style=\"font-size: 13.3333px;\">Terminvergabe Vereinshaus<\/span><br \/>\n<\/span><\/td>\n<td style=\"width: 250px; text-align: center; vertical-align: middle;\"><span style=\"color: #ffffff;\"><span style=\"color: #333333; font-family: verdana, geneva, sans-serif; font-size: 13.3333px;\"><span style=\"color: #008000;\">Tel.: 0174 \/ 779 28 69<\/span><br \/>\n<\/span><\/span><\/td>\n<\/tr>\n<\/tbody>\n<\/table>\n<p style=\"text-align: center;\"><span style=\"text-decoration: underline;\"><span style=\"font-size: 12pt; font-family: verdana, geneva, sans-serif;\"><strong><img loading=\"lazy\" decoding=\"async\" class=\"aligncenter size-full wp-image-79\" src=\"https:\/\/drei-linden-ev.de\/wp-content\/uploads\/2026\/03\/10trans.gif\" alt=\"\" width=\"10\" height=\"10\" \/><\/strong><br \/>\nErweiterter Vorstand (durch den Vorstand berufen)<br \/>\n<\/span><\/span><\/p>\n<table class=\"blueTable aligncenter\" style=\"width: 730px; border-collapse: collapse; border-color: #468746;\" border=\"1\" cellspacing=\"1\" cellpadding=\"1\">\n<tbody>\n<tr style=\"background-color: #1ac751;\">\n<td style=\"vertical-align: middle; text-align: center; border-color: #468746;\" colspan=\"3\"><span style=\"color: #ffffff;\"><strong><span style=\"font-family: verdana, geneva, sans-serif;\">Name<\/span><\/strong><\/span><\/td>\n<td style=\"width: 275px; text-align: center; vertical-align: middle; border-color: #468746;\"><span style=\"color: #ffffff;\"><strong><span style=\"font-family: verdana, geneva, sans-serif;\">Funktion<\/span><\/strong><\/span><\/td>\n<td style=\"vertical-align: middle; text-align: center; width: 250px; border-color: #468746;\"><span style=\"color: #ffffff;\"><strong><span style=\"font-family: verdana, geneva, sans-serif;\">Kontakt<\/span><\/strong><\/span><\/td>\n<\/tr>\n<tr>\n<td style=\"text-align: center; vertical-align: middle;\" colspan=\"3\"><span style=\"font-family: verdana, geneva, sans-serif; font-size: 10pt;\">Klaus Frenzel<br \/>\n<\/span><\/td>\n<td style=\"width: 275px; text-align: center; vertical-align: middle;\"><span style=\"font-family: verdana, geneva, sans-serif; font-size: 13.3333px;\">Wasserversorgung<\/span><\/td>\n<td style=\"width: 250px; text-align: center; vertical-align: middle;\"><span style=\"font-family: verdana, geneva, sans-serif; font-size: 13.3333px; color: #008000;\">0152 \/ 07152763<\/span><\/td>\n<\/tr>\n<tr>\n<td style=\"text-align: center; vertical-align: middle;\" colspan=\"3\"><span style=\"font-family: verdana, geneva, sans-serif; font-size: 10pt;\">Sebastian Ruch<br \/>\n<\/span><\/td>\n<td style=\"width: 275px; text-align: center; vertical-align: middle;\"><span style=\"font-family: verdana, geneva, sans-serif; font-size: 10pt;\">1. Vereinselektriker<br \/>\n<\/span><\/td>\n<td style=\"width: 250px; text-align: center; vertical-align: middle;\"><span style=\"color: #008000;\"><span style=\"font-family: verdana, geneva, sans-serif; font-size: 13.3333px;\">0176 \/ 344 116 15\u00a0<br \/>\n<\/span><\/span><\/td>\n<\/tr>\n<tr>\n<td style=\"width: 200px; text-align: center; vertical-align: middle;\" colspan=\"3\"><span style=\"font-family: verdana, geneva, sans-serif; font-size: 10pt;\">\u00a0<\/span><\/td>\n<td style=\"width: 275px; text-align: center; vertical-align: middle;\"><span style=\"font-family: verdana, geneva, sans-serif; font-size: 10pt;\">\u00a0<\/span><\/td>\n<td style=\"width: 250px; text-align: center; vertical-align: middle;\"><span style=\"color: #008000;\"><span style=\"font-family: verdana, geneva, sans-serif; font-size: 13.3333px;\">\u00a0<\/span><\/span><\/td>\n<\/tr>\n<\/tbody>\n<\/table>\n<p>&nbsp;<\/p>\n<p style=\"text-align: center;\"><span style=\"font-family: verdana, geneva, sans-serif;\"><span style=\"font-size: 12pt;\"><span style=\"text-decoration: underline;\">Pr\u00fcfgruppe<\/span> \u00a0\u00a0\u00a0\u00a0<br \/>\n<\/span><\/span><\/p>\n<table class=\"blueTable aligncenter\" style=\"width: 730px; border-collapse: collapse; border-color: #468746;\" border=\"1\" cellspacing=\"1\" cellpadding=\"1\">\n<tbody>\n<tr style=\"background-color: #1ac751;\">\n<td style=\"vertical-align: middle; text-align: center; border-color: #468746;\" colspan=\"3\"><span style=\"color: #ffffff;\"><strong><span style=\"font-family: verdana, geneva, sans-serif;\">Name<\/span><\/strong><\/span><\/td>\n<td style=\"width: 275px; text-align: center; vertical-align: middle; border-color: #468746;\"><span style=\"color: #ffffff;\"><strong><span style=\"font-family: verdana, geneva, sans-serif;\">Funktion<\/span><\/strong><\/span><\/td>\n<td style=\"vertical-align: middle; text-align: center; width: 250px; border-color: #468746;\"><span style=\"color: #ffffff;\"><strong><span style=\"font-family: verdana, geneva, sans-serif;\">Kontakt<\/span><\/strong><\/span><\/td>\n<\/tr>\n<tr>\n<td style=\"text-align: center; vertical-align: middle;\" colspan=\"3\"><span style=\"font-family: verdana, geneva, sans-serif; font-size: 10pt;\">Hannelore Wehmeier<br \/>\n<\/span><\/td>\n<td style=\"width: 275px; text-align: center; vertical-align: middle;\"><span style=\"font-family: verdana, geneva, sans-serif; font-size: 13.3333px;\">Vorsitzender der Pr\u00fcfgruppe<\/span><\/td>\n<td style=\"width: 250px; text-align: center; vertical-align: middle;\" rowspan=\"3\"><span style=\"color: #008000;\"><span style=\"font-family: verdana, geneva, sans-serif; font-size: 13.3333px;\">\u00fcber den Vorstand<\/span><\/span><\/td>\n<\/tr>\n<tr>\n<td style=\"text-align: center; vertical-align: middle;\" colspan=\"3\"><span style=\"font-family: verdana, geneva, sans-serif; font-size: 10pt;\">Heidemarie Petersen<br \/>\n<\/span><\/td>\n<td style=\"width: 275px; text-align: center; vertical-align: middle;\"><span style=\"font-family: verdana, geneva, sans-serif; font-size: 10pt;\">Stellvertreterin<br \/>\n<\/span><\/td>\n<\/tr>\n<tr>\n<td style=\"width: 200px; text-align: center; vertical-align: middle;\" colspan=\"3\"><span style=\"font-family: verdana, geneva, sans-serif; font-size: 10pt;\">Margot Plautz<br \/>\n<\/span><\/td>\n<td style=\"width: 275px; text-align: center; vertical-align: middle;\"><span style=\"font-family: verdana, geneva, sans-serif; font-size: 10pt;\">\u00a0<\/span><\/td>\n<\/tr>\n<\/tbody>\n<\/table>\n<p style=\"text-align: center;\">\u00a0<\/p>\n","protected":false},"excerpt":{"rendered":"<p>Gesch\u00e4ftsf\u00fchrender Vorstand Name Funktion Kontakt G\u00fcnter Welz Vorstandsvorsitzender, zust\u00e4ndig Gartenvergabe, Terminvergabe Vereinshaus Tel.: 0160 \/ 577 89 95 drei-linden-ev@web.de Fr: 15:00 \u2013 17:00 Uhr Sa: 09:00 \u2013 11:00 Uhr Gerd Schoknecht\u00a0 \u00a0Stellvertreter Zust\u00e4ndig f\u00fcr Arbeitseins\u00e4tze \u00a0Tel.: 0172 \/ 392 06 91 Fr: ab 17:00 Uhr Sa: 09:00 \u2013 11.00 Uhr Mathias Klug Schriftf\u00fchrer \u00a0 Ramona [&hellip;]<\/p>\n","protected":false},"author":1,"featured_media":0,"parent":0,"menu_order":4,"comment_status":"closed","ping_status":"closed","template":"","meta":{"footnotes":""},"class_list":["post-12","page","type-page","status-publish","hentry"],"_links":{"self":[{"href":"https:\/\/drei-linden-ev.de\/index.php?rest_route=\/wp\/v2\/pages\/12","targetHints":{"allow":["GET"]}}],"collection":[{"href":"https:\/\/drei-linden-ev.de\/index.php?rest_route=\/wp\/v2\/pages"}],"about":[{"href":"https:\/\/drei-linden-ev.de\/index.php?rest_route=\/wp\/v2\/types\/page"}],"author":[{"embeddable":true,"href":"https:\/\/drei-linden-ev.de\/index.php?rest_route=\/wp\/v2\/users\/1"}],"replies":[{"embeddable":true,"href":"https:\/\/drei-linden-ev.de\/index.php?rest_route=%2Fwp%2Fv2%2Fcomments&post=12"}],"version-history":[{"count":0,"href":"https:\/\/drei-linden-ev.de\/index.php?rest_route=\/wp\/v2\/pages\/12\/revisions"}],"wp:attachment":[{"href":"https:\/\/drei-linden-ev.de\/index.php?rest_route=%2Fwp%2Fv2%2Fmedia&parent=12"}],"curies":[{"name":"wp","href":"https:\/\/api.w.org\/{rel}","templated":true}]}}